{"id":10,"date":"2008-10-25T23:04:24","date_gmt":"2008-10-26T01:04:24","guid":{"rendered":"http:\/\/www.jornaldocampus.usp.br\/?page_id=10"},"modified":"2016-12-29T22:10:56","modified_gmt":"2016-12-30T01:10:56","slug":"contato","status":"publish","type":"page","link":"https:\/\/www.jornaldocampus.usp.br\/index.php\/contato\/","title":{"rendered":"Contato"},"content":{"rendered":"<p><!-- FormSmarts --><iframe loading=\"lazy\" style=\"overflow-x: hidden;\" src=\"http:\/\/formsmarts.com\/escreva_para_o_jc-49g\/new?mode=embed&amp;lay=1\" width=\"500\" height=\"350\" frameborder=\"0\" marginwidth=\"0\" marginheight=\"0\" scrolling=\"auto\"><\/iframe><br \/>\n<strong>ATEN\u00c7\u00c3O: Consulte as respostas para perguntas frequentes abaixo antes de enviar sua mensagem.<\/strong><\/p>\n<p>O endere\u00e7o do Jornal do Campus \u00e9:<br \/>\nAv. Prof. L\u00facio Martins Rodrigues, 433, bloco A\/19, SP, CEP 05508-90<br \/>\n<strong>jornaldocampus@gmail.com<\/strong><\/p>\n<div id=\"formsmart\" style=\"margin: 3px 30px 10px 3px; visibility: visible;\">\n<p class=\"fs\"><a class=\"fs\" title=\"Form Spam\" href=\"http:\/\/formsmarts.com\/form-spam\" target=\"_blank\">Form<\/a> by <a class=\"fs\" title=\"FormSmarts Form Builder\" href=\"http:\/\/formsmarts.com\/\" target=\"_blank\">FormSmarts<\/a> | <a class=\"fs\" title=\"FormSmarts Privacy Policy\" href=\"http:\/\/formsmarts.com\/privacy\" target=\"syronex_help\" rel=\"nofollow\">Privacy<\/a><\/p>\n<\/div>\n<hr \/>\n<h2 id=\"FAQ\">Perguntas frequentes<\/h2>\n<p><a name=\"faq_eventos\"><\/a><strong>1) Como fa\u00e7o para divulgar um evento no Jornal do Campus?<\/strong><br \/>\nReleases e textos de divulga\u00e7\u00e3o de eventos podem ser enviados para nosso e-mail (jornaldocampus[@]usp.br) ou para nossa reda\u00e7\u00e3o (Av. Prof. L\u00facio Martins Rodrigues, 433, bloco A, sala 19 \u2013 Cidade Universit\u00e1ria \u2013 S\u00e3o Paulo\/SP \u2013 CEP 05508-90). Lembre-se de informar data, local e contato. Reiteramos que as sugest\u00f5es ser\u00e3o avaliadas pela reda\u00e7\u00e3o do jornal, e n\u00e3o necessariamente ter\u00e3o espa\u00e7o no JC.<\/p>\n<p><a name=\"faq_artigos\"><\/a><strong>2) Escrevi um artigo sobre um tema pertinente \u00e0 USP. Como public\u00e1-lo no Jornal do Campus?<\/strong><br \/>\nO Jornal do Campus n\u00e3o publica textos de autores que n\u00e3o perten\u00e7am ao corpo de reda\u00e7\u00e3o do jornal.<\/p>\n<p><a name=\"faq_sugestao\"><\/a><strong>3) Tenho uma den\u00fancia ou sugest\u00e3o para reportagens do Jornal do Campus. Como entro em contato com o jornal?<\/strong><br \/>\nUtilize o formul\u00e1rio de contato acima ou nosso e-mail (jornaldocampus@usp.br). O interesse e viabilidade da reportagem ser\u00e3o avaliados pela reda\u00e7\u00e3o do JC.<\/p>\n<p><a name=\"faq_anuncios\"><\/a><strong>4) Quanto custa publicar um an\u00fancio no JC?<\/strong><br \/>\nO Jornal do Campus n\u00e3o disponibiliza atualmente espa\u00e7o para publicidade ou an\u00fancios classificados.<\/p>\n<p><a name=\"faq_entrega\"><\/a><strong>5) Como fa\u00e7o para receber o Jornal do Campus na minha casa ou escrit\u00f3rio?<\/strong><br \/>\nN\u00e3o realizamos a entrega particular de edi\u00e7\u00f5es do jornal. O Jornal do Campus \u00e9 distribu\u00eddo quinzenalmente nos restaurantes da Coseas (\u201cbandej\u00f5es\u201d) e unidades da USP. Procure a edi\u00e7\u00e3o em espa\u00e7os p\u00fablicos como recep\u00e7\u00e3o e biblioteca. Lembramos que todo o conte\u00fado da edi\u00e7\u00e3o \u00e9 disponibilizado neste website e pode ser acompanhado em leitores de RSS como Feedly, Google Reader e diversos softwares utilizando a URL <a title=\"RSS do JC\" href=\"http:\/\/www.jornaldocampus.usp.br\/index.php\/feed\/\" target=\"_blank\">http:\/\/www.jornaldocampus.usp.br\/index.php\/feed\/<\/a>. Atualmente, n\u00e3o dispomos de servi\u00e7o de newsletter.<\/p>\n<p><a name=\"faq_arquivojc\"><\/a><strong>6) Estou procurando uma reportagem publicada em edi\u00e7\u00f5es anteriores do Jornal do Campus. Onde posso encontr\u00e1-la?<\/strong><br \/>\nEste website possui o conte\u00fado de todas as edi\u00e7\u00f5es do Jornal do Campus a partir de agosto de 2008 (n\u00famero 341). Utilize a ferramenta de busca na coluna \u00e0 direita, ou selecione a edi\u00e7\u00e3o na se\u00e7\u00e3o inferior desta p\u00e1gina.<br \/>\nA biblioteca da ECA\/USP tamb\u00e9m possui edi\u00e7\u00f5es recentes do JC em seu acervo. Para edi\u00e7\u00f5es mais antigas, \u00e9 necess\u00e1rio agendamento de hor\u00e1rio para acesso ao arquivo do Departamento de Jornalismo e Editora\u00e7\u00e3o da ECA\/USP (utilize as ferramentas de contato).<br \/>\nO Jornal do Campus n\u00e3o faz a digitaliza\u00e7\u00e3o e o envio de edi\u00e7\u00f5es antigas.<\/p>\n<p><a name=\"faq_saude\"><\/a><strong>7) Gostaria de marcar uma consulta m\u00e9dica ou fazer tratamentos de sa\u00fade na USP.<\/strong><br \/>\nO Jornal do Campus \u00e9 uma publica\u00e7\u00e3o do Departamento de Jornalismo e Editora\u00e7\u00e3o da ECA\/USP, e n\u00e3o possui v\u00ednculos com os servi\u00e7os de sa\u00fade da Universidade de S\u00e3o Paulo. Para informa\u00e7\u00f5es a respeito desses servi\u00e7os, entre em contato diretamente com a institui\u00e7\u00e3o respons\u00e1vel:<\/p>\n<p><a name=\"faq_hospitais\"><\/a><strong>Hospitais<\/strong><\/p>\n<p><span style=\"text-decoration: underline;\">Hospital das Cl\u00ednicas<\/span><br \/>\nWebsite: <a title=\"Hospital das Cl\u00ednicas\" href=\"http:\/\/www.hcnet.usp.br\" target=\"_blank\">www.hcnet.usp.br<\/a><br \/>\nE-mail: webmaster@hcnet.usp.br<br \/>\nTelefone: (11) 2661-0000<br \/>\nEndere\u00e7o: Av. Dr. En\u00e9as de Carvalho Aguiar, 255 \u2013 Cerqueira C\u00e9sar \u2013 S\u00e3o Paulo\/SP \u2013 CEP 05403-000<\/p>\n<p><span style=\"text-decoration: underline;\">Hospital Universit\u00e1rio<\/span><br \/>\nWebsite: <a title=\"Hospital Universit\u00e1rio\" href=\"http:\/\/www.hu.usp.br\" target=\"_blank\">www.hu.usp.br<\/a><br \/>\nE-mail: www@hu.usp.br<br \/>\nTelefone: (11) 3091-9200<br \/>\nEndere\u00e7o: Av. Prof. Lineu Prestes, 2565 \u2013 Cidade Universit\u00e1ria \u2013 S\u00e3o Paulo\/SP \u2013 CEP 05508-010<\/p>\n<p><span style=\"text-decoration: underline;\">Hospital das Cl\u00ednicas de Ribeir\u00e3o Preto<\/span><br \/>\nWebsite: <a title=\"Hospital das Cl\u00ednicas de Ribeir\u00e3o Preto\" href=\"http:\/\/www.hcrp.fmrp.usp.br\" target=\"_blank\">www.hcrp.fmrp.usp.br<\/a><br \/>\nE-mail: webmaster@hcnet.usp.br<br \/>\nTelefones: (16) 3602-1000\/1143\/1144\/2342\/ 2345<br \/>\nEndere\u00e7o: Av. Bandeirantes, 3900 \u2013 Campus Universit\u00e1rio \u2013 Monte Alegre \u2013 Ribeir\u00e3o Preto\/SP \u2013 CEP 14048-900<\/p>\n<p><span style=\"text-decoration: underline;\">Hospital de Reabilita\u00e7\u00e3o de Anomalias Craniofaciais (Centrinho)<\/span><br \/>\nWebsite: <a title=\"Hospital de Reabilita\u00e7\u00e3o de Anomalias Craniofaciais (Centrinho)\" href=\"http:\/\/www.centrinho.usp.br\" target=\"_blank\">www.centrinho.usp.br<\/a><br \/>\nE-mails: spp@centrinho.usp.br<br \/>\nTelefones: (14) 3235-8156\/ 8129\/ 8132\/ 8139\/ 8115<br \/>\nEndere\u00e7o: Rua Silvio Marchione 3-20 \u2013 Vila Universit\u00e1ria \u2013 Bauru\/SP \u2013 CEP 17012-900<\/p>\n<p><a name=\"faq_psico\"><\/a><strong>Atendimento psicol\u00f3gico<\/strong><\/p>\n<p><span style=\"text-decoration: underline;\">Instituto de Psicologia da USP<\/span><br \/>\nWebsite: <a title=\"Instituto de Psicologia da USP\" href=\"http:\/\/www.ip.usp.br\" target=\"_blank\">www.ip.usp.br<\/a><br \/>\nE-mails: ip@edu.usp.br<br \/>\nTelefones: (11) 3091-2420<br \/>\nEndere\u00e7o: Av. Prof. Mello Moraes, 1721 \u2013 Cidade Universit\u00e1ria \u2013 S\u00e3o Paulo\/SP \u2013 CEP 05508-030<\/p>\n<p><a name=\"faq_odonto\"><\/a><strong>Atendimento odontol\u00f3gico<\/strong><\/p>\n<p><span style=\"text-decoration: underline;\">Faculdade de Odontologia de S\u00e3o Paulo<\/span><br \/>\nWebsite: <a title=\"Faculdade de Odontologia da USP\" href=\"http:\/\/www.fo.usp.br\" target=\"_blank\">www.fo.usp.br<\/a><br \/>\nE-mail: fousp@usp.br<br \/>\nTelefones: (11) 3091-7418\/7970<br \/>\nEndere\u00e7o: Av. Prof. Lineu Prestes, 2227 \u2013 Cidade Universit\u00e1ria \u2013 S\u00e3o Paulo\/SP \u2013 CEP 05508-000<\/p>\n<p><span style=\"text-decoration: underline;\">Faculdade de Odontologia e de Fonoaudiologia de Bauru<\/span><br \/>\nWebsite: <a title=\"Faculdade de Odontologia e de Fonoaudiologia de Bauru\" href=\"http:\/\/www.fob.usp.br\" target=\"_blank\">www.fob.usp.br<\/a><br \/>\nE-mail: fob@usp.br<br \/>\nTelefone: (14) 3235-8000<br \/>\nEndere\u00e7o: Al. Oct\u00e1vio Pinheiro Brisola, 9-75 \u2013 Bauru\/SP \u2013 CEP 17012-901<\/p>\n<p><a name=\"faq_vet\"><\/a><strong>Servi\u00e7os veterin\u00e1rios<\/strong><\/p>\n<p><span style=\"text-decoration: underline;\">Faculdade de Medicina Veterin\u00e1ria e Zootecnia da USP<\/span><br \/>\nWebsite: <a title=\"Faculdade de Medicina Veterin\u00e1ria e Zootecnia da USP\" href=\"http:\/\/www.fmvz.usp.br\" target=\"_blank\">www.fmvz.usp.br<\/a><br \/>\nE-mail: fmvz@usp.br<br \/>\nTelefones: (11) 3091-7672\/7682\/7667\/7678<br \/>\nEndere\u00e7o: Prof. Dr. Orlando Marques de Paiva, 87 \u2013 Cidade Universit\u00e1ria \u2013 S\u00e3o Paulo\/SP \u2013 CEP 05508-270<\/p>\n<p><span style=\"text-decoration: underline;\">Hospital Veterin\u00e1rio<\/span><br \/>\nE-mail: hovet@usp.br<br \/>\nTelefones: (11) 3091-1248\/1364\/1236<br \/>\nEndere\u00e7o: Prof. Dr. Orlando Marques de Paiva, 87 \u2013 Cidade Universit\u00e1ria \u2013 S\u00e3o Paulo\/SP \u2013 CEP 05508-270<\/p>\n<p><a name=\"faq_especialistas\"><\/a><strong>8) Voc\u00eas poderiam me informar o telefone ou e-mail de especialistas da USP?<\/strong><br \/>\nA USP possui um servi\u00e7o de busca de especialistas por nome e \u00e1rea de atua\u00e7\u00e3o no endere\u00e7o <a title=\"Banco de Especialistas USP\" href=\"https:\/\/sistemas.usp.br\/especialistas\/\" target=\"_blank\">https:\/\/sistemas.usp.br\/especialistas\/<\/a>. O atendimento tamb\u00e9m \u00e9 feito pelo telefone (11) 3091-4414.<\/p>\n<p><a name=\"faq_drh\"><\/a><strong>9) Prestei um concurso na USP e n\u00e3o consigo encontrar a lista de aprovados.<\/strong><br \/>\nInforma\u00e7\u00f5es sobre concursos (editais, informes, listas) podem ser encontrados no <a title=\"DRH\/USP\" href=\"http:\/\/www.usp.br\/drh\" target=\"_blank\">website do Departamento de Recursos Humanos da USP<\/a>. Para mais informa\u00e7\u00f5es, entre em contato diretamente com o DRH\/USP pelo e-mail drh@usp.br ou pelo telefone 3091-3436\/3460.<\/p>\n<p><a name=\"faq_leiaofaq\"><\/a><strong>10) Enviei uma mensagem pedindo informa\u00e7\u00f5es ao Jornal do Campus, mas n\u00e3o recebi resposta.<\/strong><br \/>\nO Jornal do Campus n\u00e3o envia respostas a mensagens solicitando informa\u00e7\u00f5es que j\u00e1 est\u00e3o dispon\u00edveis nesta p\u00e1gina.<\/p>\n","protected":false},"excerpt":{"rendered":"ATEN\u00c7\u00c3O: Consulte as respostas para perguntas frequentes abaixo antes de enviar sua mensagem. O endere\u00e7o do Jornal do Campus \u00e9: Av. Prof. L\u00facio \n<a class=\"moretag\" href=\"https:\/\/www.jornaldocampus.usp.br\/index.php\/contato\/\"> [...]<\/a>","protected":false},"author":1,"featured_media":0,"parent":0,"menu_order":4,"comment_status":"closed","ping_status":"closed","template":"","meta":[],"_links":{"self":[{"href":"https:\/\/www.jornaldocampus.usp.br\/index.php\/wp-json\/wp\/v2\/pages\/10"}],"collection":[{"href":"https:\/\/www.jornaldocampus.usp.br\/index.php\/wp-json\/wp\/v2\/pages"}],"about":[{"href":"https:\/\/www.jornaldocampus.usp.br\/index.php\/wp-json\/wp\/v2\/types\/page"}],"author":[{"embeddable":true,"href":"https:\/\/www.jornaldocampus.usp.br\/index.php\/wp-json\/wp\/v2\/users\/1"}],"replies":[{"embeddable":true,"href":"https:\/\/www.jornaldocampus.usp.br\/index.php\/wp-json\/wp\/v2\/comments?post=10"}],"version-history":[{"count":39,"href":"https:\/\/www.jornaldocampus.usp.br\/index.php\/wp-json\/wp\/v2\/pages\/10\/revisions"}],"predecessor-version":[{"id":29814,"href":"https:\/\/www.jornaldocampus.usp.br\/index.php\/wp-json\/wp\/v2\/pages\/10\/revisions\/29814"}],"wp:attachment":[{"href":"https:\/\/www.jornaldocampus.usp.br\/index.php\/wp-json\/wp\/v2\/media?parent=10"}],"curies":[{"name":"wp","href":"https:\/\/api.w.org\/{rel}","templated":true}]}}