{"id":25042,"date":"2014-08-27T15:29:23","date_gmt":"2014-08-27T18:29:23","guid":{"rendered":"http:\/\/www.jornaldocampus.usp.br\/?page_id=25042"},"modified":"2014-08-27T15:54:32","modified_gmt":"2014-08-27T18:54:32","slug":"erramos","status":"publish","type":"page","link":"https:\/\/www.jornaldocampus.usp.br\/index.php\/sobre\/erramos\/","title":{"rendered":"Erramos"},"content":{"rendered":"<p>O\u00a0<strong>Jornal do Campus<\/strong> trabalha para sempre informar o p\u00fablico corretamente. Entretanto, como em toda atividade humana, estamos sujeitos a erros devido a desaten\u00e7\u00f5es ou at\u00e9 mesmo por acidentes. Como nossa obriga\u00e7\u00e3o \u00e9 evitar qualquer tipo de infactualidade, pedimos desculpas por eles. Caso encontre algum problema, envie um e-mail para <a href=\"jornaldocampus@gmail.com\">jornaldocampus@gmail.com<\/a>. Aqui seguem mat\u00e9rias que, infelizmente, continham algum erro.<\/p>\n<p>EDI\u00c7\u00c3O 429<\/p>\n<p><a title=\"Pesquisa revela opini\u00e3o estudantil sobre a greve\" href=\"http:\/\/www.jornaldocampus.usp.br\/index.php\/2014\/08\/pesquisa-revela-opiniao-estudantil-sobre-a-greve\/\" target=\"_blank\">Pesquisa revela opini\u00e3o estudantil sobre a greve<\/a><\/p>\n<p>Na mat\u00e9ria impressa para esta edi\u00e7\u00e3o (429), o infogr\u00e1fico continha um erro na resposta da pergunta \u201cA USP deveria cobrar mensalidade?\u201d, que deveria ser\u00a0<strong>N\u00c3O\u00a0<\/strong>ao contr\u00e1rio de\u00a0<strong>SIM<\/strong>, de forma que a maioria dos estudantes, como afirma a reportagem,\u00a0<strong>desaprova<\/strong>\u00a0a medida.<\/p>\n","protected":false},"excerpt":{"rendered":"O\u00a0Jornal do Campus trabalha para sempre informar o p\u00fablico corretamente. Entretanto, como em toda atividade humana, estamos sujeitos a erros devido a desaten\u00e7\u00f5es \n<a class=\"moretag\" href=\"https:\/\/www.jornaldocampus.usp.br\/index.php\/sobre\/erramos\/\"> [...]<\/a>","protected":false},"author":104,"featured_media":0,"parent":1182,"menu_order":0,"comment_status":"open","ping_status":"open","template":"","meta":[],"_links":{"self":[{"href":"https:\/\/www.jornaldocampus.usp.br\/index.php\/wp-json\/wp\/v2\/pages\/25042"}],"collection":[{"href":"https:\/\/www.jornaldocampus.usp.br\/index.php\/wp-json\/wp\/v2\/pages"}],"about":[{"href":"https:\/\/www.jornaldocampus.usp.br\/index.php\/wp-json\/wp\/v2\/types\/page"}],"author":[{"embeddable":true,"href":"https:\/\/www.jornaldocampus.usp.br\/index.php\/wp-json\/wp\/v2\/users\/104"}],"replies":[{"embeddable":true,"href":"https:\/\/www.jornaldocampus.usp.br\/index.php\/wp-json\/wp\/v2\/comments?post=25042"}],"version-history":[{"count":5,"href":"https:\/\/www.jornaldocampus.usp.br\/index.php\/wp-json\/wp\/v2\/pages\/25042\/revisions"}],"predecessor-version":[{"id":25044,"href":"https:\/\/www.jornaldocampus.usp.br\/index.php\/wp-json\/wp\/v2\/pages\/25042\/revisions\/25044"}],"up":[{"embeddable":true,"href":"https:\/\/www.jornaldocampus.usp.br\/index.php\/wp-json\/wp\/v2\/pages\/1182"}],"wp:attachment":[{"href":"https:\/\/www.jornaldocampus.usp.br\/index.php\/wp-json\/wp\/v2\/media?parent=25042"}],"curies":[{"name":"wp","href":"https:\/\/api.w.org\/{rel}","templated":true}]}}